{"id":2586,"date":"2024-10-10T16:08:16","date_gmt":"2024-10-10T14:08:16","guid":{"rendered":"https:\/\/dev.tauernwaerme.at\/?page_id=2586"},"modified":"2025-09-11T16:54:42","modified_gmt":"2025-09-11T14:54:42","slug":"impressum","status":"publish","type":"page","link":"https:\/\/elevator-bucket.com\/en\/impressum\/","title":{"rendered":"Imprint"},"content":{"rendered":"<div data-elementor-type=\"wp-page\" data-elementor-id=\"2586\" class=\"elementor elementor-2586\" data-elementor-post-type=\"page\">\n\t\t\t\t<div class=\"elementor-element elementor-element-db19f2b e-flex e-con-boxed e-con e-parent\" data-id=\"db19f2b\" data-element_type=\"container\">\n\t\t\t\t\t<div class=\"e-con-inner\">\n\t\t\t\t<div class=\"elementor-element elementor-element-17a116c elementor-widget elementor-widget-heading\" data-id=\"17a116c\" data-element_type=\"widget\" data-widget_type=\"heading.default\">\n\t\t\t\t<div class=\"elementor-widget-container\">\n\t\t\t\t\t<h1 class=\"elementor-heading-title elementor-size-default\">Imprint<\/h1>\t\t\t\t<\/div>\n\t\t\t\t<\/div>\n\t\t\t\t<div class=\"elementor-element elementor-element-5b7735f elementor-widget elementor-widget-text-editor\" data-id=\"5b7735f\" data-element_type=\"widget\" data-widget_type=\"text-editor.default\">\n\t\t\t\t<div class=\"elementor-widget-container\">\n\t\t\t\t\t\t\t\t\t<p><strong>Company wording<\/strong><br \/>ATRA Aufbereitungsanlagen &amp; Transportmittelservice GmbH<\/p><p><strong>Legal form<\/strong><br \/>Limited liability company<\/p><p><strong>Commercial management:<\/strong>\u00a0Ing. Christine Wieser<strong><br \/>VAT number:<\/strong>\u00a0ATU34617206<br \/><strong>Company register number:<\/strong> 72861z<br \/><strong>Commercial register court:<\/strong> Landesgericht Salzburg<\/p><p><strong>Company headquarters \/ address<\/strong><br \/>ATRA Aufbereitungsanlagen &amp; Transportmittelservice GmbH<br \/>Wallpachstra\u00dfe 300<br \/>5440 Golling an der Salzach (Salzburg)<br \/>Austria<\/p><p><strong>Contact details<\/strong><br \/><a href=\"&#109;&#x61;&#x69;l&#116;&#x6f;:&#111;&#x66;&#x66;&#105;&#x63;&#x65;&#64;&#101;&#x6c;e&#118;&#x61;&#x74;&#111;&#x72;&#x2d;b&#117;&#x63;k&#101;&#x74;&#x2e;&#99;&#x6f;&#x6d;\" data-no-translation=\"\">&#x6f;&#x66;&#102;i&#x63;&#x65;&#x40;&#101;l&#x65;&#x76;&#x61;&#116;o&#x72;&#x2d;&#x62;&#117;c&#x6b;&#x65;&#x74;&#46;c&#x6f;&#x6d;<\/a><br \/>Phone: <a href=\"tel:+4362447888\">+43 6244 7888<\/a><\/p><p><strong>Member of the Austrian Federal Economic Chamber<\/strong><br \/><a href=\"https:\/\/firmen.wko.at\/atra-aufbereitungsanlagen--und-transportmittelservice--gesellschaft-mbh\/salzburg\/?firmaid=46743a68-03f6-46d3-8781-473218696c7a&amp;suchbegriff=atra\" target=\"_blank\" rel=\"noopener\">Duty to provide information according to the ECG and Media Act<\/a><\/p><p><strong>Web design, concept development, and implementation<\/strong><br \/>FEDERLEICHT | WEB &amp; GRAFIK<br \/>5431 Kuchl \/ Austria<br \/><a title=\"Webdesign f\u00fcr Markenhersteller: FEDERLEICHT\" href=\"https:\/\/federleicht.cc\/\" target=\"_blank\" rel=\"nofollow noopener\">www.federleicht.cc<\/a><\/p>\t\t\t\t\t\t\t\t<\/div>\n\t\t\t\t<\/div>\n\t\t\t\t<div class=\"elementor-element elementor-element-3ef3865 elementor-widget elementor-widget-spacer\" data-id=\"3ef3865\" data-element_type=\"widget\" data-widget_type=\"spacer.default\">\n\t\t\t\t<div class=\"elementor-widget-container\">\n\t\t\t\t\t\t\t<div class=\"elementor-spacer\">\n\t\t\t<div class=\"elementor-spacer-inner\"><\/div>\n\t\t<\/div>\n\t\t\t\t\t\t<\/div>\n\t\t\t\t<\/div>\n\t\t\t\t\t<\/div>\n\t\t\t\t<\/div>\n\t\t\t\t<\/div>","protected":false},"excerpt":{"rendered":"<p>Impressum FirmenwortlautATRA Aufbereitungsanlagen &amp; Transportmittelservice GmbH RechtsformGesellschaft mit beschr\u00e4nkter Haftung Gewerberechtliche Gesch\u00e4ftsf\u00fchrung:\u00a0Ing. Christine WieserUID-Nummer:\u00a0ATU34617206Firmenbuchnummer: 72861zFirmenbuchgericht: Landesgericht Salzburg Firmensitz \/ AnschriftATRA Aufbereitungsanlagen &amp; Transportmittelservice GmbHWallpachstra\u00dfe 3005440 Golling an der Salzach (Salzburg)\u00d6sterreich Kontaktdaten&#x6f;&#102;f&#x69;&#x63;&#101;&#64;&#x65;&#108;e&#x76;&#x61;&#116;o&#x72;&#45;b&#x75;&#x63;&#107;e&#x74;&#x2e;&#99;&#x6f;&#x6d;Telefon: +43 6244 7888 Mitglied der Wirtschaftskammer \u00d6sterreichInformationspflicht lt. ECG und Mediengesetz Webdesign, Konzeption &amp; UmsetzungFEDERLEICHT | WEB &amp; GRAFIK5431 Kuchl \/ \u00d6sterreichwww.federleicht.cc<\/p>","protected":false},"author":1,"featured_media":0,"parent":0,"menu_order":0,"comment_status":"closed","ping_status":"closed","template":"","meta":{"footnotes":""},"class_list":["post-2586","page","type-page","status-publish","hentry"],"yoast_head":"<!-- This site is optimized with the Yoast SEO plugin v25.3.1 - https:\/\/yoast.com\/wordpress\/plugins\/seo\/ -->\n<title>Impressum - ATRA Elevator Bucket<\/title>\n<meta name=\"description\" content=\"Eckdaten und Kontaktdaten von ATRA Aufbereitungsanlagen &amp; Transportmittelservice GmbH\" \/>\n<meta name=\"robots\" content=\"index, follow, max-snippet:-1, max-image-preview:large, max-video-preview:-1\" \/>\n<link rel=\"canonical\" href=\"https:\/\/elevator-bucket.com\/en\/impressum\/\" \/>\n<script type=\"application\/ld+json\" class=\"yoast-schema-graph\">{\"@context\":\"https:\/\/schema.org\",\"@graph\":[{\"@type\":\"WebPage\",\"@id\":\"https:\/\/elevator-bucket.com\/impressum\/\",\"url\":\"https:\/\/elevator-bucket.com\/impressum\/\",\"name\":\"Impressum - ATRA Elevator Bucket\",\"isPartOf\":{\"@id\":\"https:\/\/elevator-bucket.com\/#website\"},\"datePublished\":\"2024-10-10T14:08:16+00:00\",\"dateModified\":\"2025-09-11T14:54:42+00:00\",\"description\":\"Eckdaten und Kontaktdaten von ATRA Aufbereitungsanlagen & Transportmittelservice GmbH\",\"breadcrumb\":{\"@id\":\"https:\/\/elevator-bucket.com\/impressum\/#breadcrumb\"},\"inLanguage\":\"en-US\",\"potentialAction\":[{\"@type\":\"ReadAction\",\"target\":[\"https:\/\/elevator-bucket.com\/impressum\/\"]}]},{\"@type\":\"BreadcrumbList\",\"@id\":\"https:\/\/elevator-bucket.com\/impressum\/#breadcrumb\",\"itemListElement\":[{\"@type\":\"ListItem\",\"position\":1,\"name\":\"Startseite\",\"item\":\"https:\/\/elevator-bucket.com\/\"},{\"@type\":\"ListItem\",\"position\":2,\"name\":\"Impressum\"}]},{\"@type\":\"WebSite\",\"@id\":\"https:\/\/elevator-bucket.com\/#website\",\"url\":\"https:\/\/elevator-bucket.com\/\",\"name\":\"ATRA Elevator Bucket\",\"description\":\"ATRA Elevator Bucket\",\"publisher\":{\"@id\":\"https:\/\/elevator-bucket.com\/#organization\"},\"potentialAction\":[{\"@type\":\"SearchAction\",\"target\":{\"@type\":\"EntryPoint\",\"urlTemplate\":\"https:\/\/elevator-bucket.com\/?s={search_term_string}\"},\"query-input\":{\"@type\":\"PropertyValueSpecification\",\"valueRequired\":true,\"valueName\":\"search_term_string\"}}],\"inLanguage\":\"en-US\"},{\"@type\":\"Organization\",\"@id\":\"https:\/\/elevator-bucket.com\/#organization\",\"name\":\"ATRA Elevator Bucket\",\"url\":\"https:\/\/elevator-bucket.com\/\",\"logo\":{\"@type\":\"ImageObject\",\"inLanguage\":\"en-US\",\"@id\":\"https:\/\/elevator-bucket.com\/#\/schema\/logo\/image\/\",\"url\":\"https:\/\/elevator-bucket.com\/wp-content\/uploads\/2025\/06\/logo-atra-elevator-bucket.svg\",\"contentUrl\":\"https:\/\/elevator-bucket.com\/wp-content\/uploads\/2025\/06\/logo-atra-elevator-bucket.svg\",\"width\":240,\"height\":164,\"caption\":\"ATRA Elevator Bucket\"},\"image\":{\"@id\":\"https:\/\/elevator-bucket.com\/#\/schema\/logo\/image\/\"}}]}<\/script>\n<!-- \/ Yoast SEO plugin. -->","yoast_head_json":{"title":"Impressum - ATRA Elevator Bucket","description":"Eckdaten und Kontaktdaten von ATRA Aufbereitungsanlagen & Transportmittelservice GmbH","robots":{"index":"index","follow":"follow","max-snippet":"max-snippet:-1","max-image-preview":"max-image-preview:large","max-video-preview":"max-video-preview:-1"},"canonical":"https:\/\/elevator-bucket.com\/en\/impressum\/","schema":{"@context":"https:\/\/schema.org","@graph":[{"@type":"WebPage","@id":"https:\/\/elevator-bucket.com\/impressum\/","url":"https:\/\/elevator-bucket.com\/impressum\/","name":"Impressum - ATRA Elevator Bucket","isPartOf":{"@id":"https:\/\/elevator-bucket.com\/#website"},"datePublished":"2024-10-10T14:08:16+00:00","dateModified":"2025-09-11T14:54:42+00:00","description":"Eckdaten und Kontaktdaten von ATRA Aufbereitungsanlagen & Transportmittelservice GmbH","breadcrumb":{"@id":"https:\/\/elevator-bucket.com\/impressum\/#breadcrumb"},"inLanguage":"en-US","potentialAction":[{"@type":"ReadAction","target":["https:\/\/elevator-bucket.com\/impressum\/"]}]},{"@type":"BreadcrumbList","@id":"https:\/\/elevator-bucket.com\/impressum\/#breadcrumb","itemListElement":[{"@type":"ListItem","position":1,"name":"Startseite","item":"https:\/\/elevator-bucket.com\/"},{"@type":"ListItem","position":2,"name":"Impressum"}]},{"@type":"WebSite","@id":"https:\/\/elevator-bucket.com\/#website","url":"https:\/\/elevator-bucket.com\/","name":"ATRA Elevator Bucket","description":"ATRA Elevator Bucket","publisher":{"@id":"https:\/\/elevator-bucket.com\/#organization"},"potentialAction":[{"@type":"SearchAction","target":{"@type":"EntryPoint","urlTemplate":"https:\/\/elevator-bucket.com\/?s={search_term_string}"},"query-input":{"@type":"PropertyValueSpecification","valueRequired":true,"valueName":"search_term_string"}}],"inLanguage":"en-US"},{"@type":"Organization","@id":"https:\/\/elevator-bucket.com\/#organization","name":"ATRA Elevator Bucket","url":"https:\/\/elevator-bucket.com\/","logo":{"@type":"ImageObject","inLanguage":"en-US","@id":"https:\/\/elevator-bucket.com\/#\/schema\/logo\/image\/","url":"https:\/\/elevator-bucket.com\/wp-content\/uploads\/2025\/06\/logo-atra-elevator-bucket.svg","contentUrl":"https:\/\/elevator-bucket.com\/wp-content\/uploads\/2025\/06\/logo-atra-elevator-bucket.svg","width":240,"height":164,"caption":"ATRA Elevator Bucket"},"image":{"@id":"https:\/\/elevator-bucket.com\/#\/schema\/logo\/image\/"}}]}},"_links":{"self":[{"href":"https:\/\/elevator-bucket.com\/en\/wp-json\/wp\/v2\/pages\/2586","targetHints":{"allow":["GET"]}}],"collection":[{"href":"https:\/\/elevator-bucket.com\/en\/wp-json\/wp\/v2\/pages"}],"about":[{"href":"https:\/\/elevator-bucket.com\/en\/wp-json\/wp\/v2\/types\/page"}],"author":[{"embeddable":true,"href":"https:\/\/elevator-bucket.com\/en\/wp-json\/wp\/v2\/users\/1"}],"replies":[{"embeddable":true,"href":"https:\/\/elevator-bucket.com\/en\/wp-json\/wp\/v2\/comments?post=2586"}],"version-history":[{"count":50,"href":"https:\/\/elevator-bucket.com\/en\/wp-json\/wp\/v2\/pages\/2586\/revisions"}],"predecessor-version":[{"id":3938,"href":"https:\/\/elevator-bucket.com\/en\/wp-json\/wp\/v2\/pages\/2586\/revisions\/3938"}],"wp:attachment":[{"href":"https:\/\/elevator-bucket.com\/en\/wp-json\/wp\/v2\/media?parent=2586"}],"curies":[{"name":"wp","href":"https:\/\/api.w.org\/{rel}","templated":true}]}}